{"id":1492,"date":"2023-01-17T16:14:49","date_gmt":"2023-01-17T15:14:49","guid":{"rendered":"https:\/\/sgmconsultingservices.com\/?page_id=1492"},"modified":"2023-02-24T21:36:01","modified_gmt":"2023-02-24T20:36:01","slug":"page-france","status":"publish","type":"page","link":"https:\/\/sgmconsultingservices.com\/index.php\/page-france\/","title":{"rendered":"Page France"},"content":{"rendered":"<p style=\"\">\n<h2 style=\"text-align: center;\">SGM Consulting organise et propose, \u00e0 destination des entit\u00e9s du secteur bancaire et financier, des sessions de travail orient\u00e9es autour de l&#8217;identit\u00e9 num\u00e9rique, du KYC et des services de confiance num\u00e9riques&nbsp;<\/h2>\n<p><span style=\"\"><img decoding=\"async\" alt=\"\" data-id=\"1696\" width=\"510\" data-init-width=\"4521\" height=\"443\" data-init-height=\"3924\" title=\"Image1\" loading=\"lazy\" src=\"https:\/\/sgmconsultingservices.com\/wp-content\/uploads\/2023\/02\/Image1-1.png\" data-width=\"510\" style=\"\" ml-d=\"-9.85899999999998\" mt-d=\"0\" data-height=\"443\" ml-t=\"-7.9529999999999745\" ml-m=\"-4.953000000000003\"><\/span><\/p>\n<p style=\"\">Ces sessions peuvent notamment porter sur l&#8217;analyse des portefeuilles (wallets) d&#8217;identit\u00e9 num\u00e9rique introduits par le projet de r\u00e8glement eIDAS 2, qui seront les principaux moyens d&#8217;identification et d&#8217;authentification des particuliers, avec \u00e0 la cl\u00e9 un nouveau paradigme dans les interactions digitales avec les clients<\/p>\n<p><span><img decoding=\"async\" alt=\"\" data-id=\"1584\" width=\"900\" data-init-width=\"1725\" height=\"977\" data-init-height=\"977\" title=\"Image4\" loading=\"lazy\" src=\"https:\/\/sgmconsultingservices.com\/wp-content\/uploads\/2023\/01\/Image4.png\" data-width=\"900\"><\/span><\/p>\n<p style=\"\"><strong>Objectifs Understand, Anticipate &amp; Leverage<\/strong><\/p>\n<p style=\"\">Les sessions sont orient\u00e9es autour de trois objectifs :<\/p>\n<p style=\"\">&#8211; <span style=\"color: rgb(43, 57, 143); --tcb-applied-color: rgb(108, 110, 122)  !important;\">Understand <\/span>: appr\u00e9hender les concepts cl\u00e9s, qu&#8217;ils soient techniques, r\u00e9glementaires ou juridiques, c&#8217;est \u00e0 dire fournir les bases et \u00e9l\u00e9ments de compr\u00e9hension permettant une analyse raisonn\u00e9e de l&#8217;environnement.<\/p>\n<p style=\"\">&#8211; Anticipate : appr\u00e9hender les tendances des march\u00e9s des services li\u00e9s \u00e0 l&#8217;identit\u00e9 num\u00e9rique et les strat\u00e9gies des acteurs intervenants sur ceux-ci ainsi que les \u00e9volutions r\u00e9glementaires en cours. Comprendre la dynamique des interactions et discerner les \u00e9volutions permettant une anticipation r\u00e9aliste des conditions de march\u00e9 futures.<\/p>\n<p style=\"\">Leverage : tirer parti des opportunit\u00e9s susceptibles de se pr\u00e9senter et des conditions de march\u00e9 anticip\u00e9es, en ad\u00e9quation avec la strat\u00e9gie de l&#8217;entreprise et ses conditions d&#8217;exploitations actuelles et pr\u00e9visibles.&nbsp;<\/p>\n<p style=\"\"><strong>Des modules adapt\u00e9s aux interlocuteurs concern\u00e9s<\/strong><\/p>\n<p style=\"\">Les modules Expertise ont vocation \u00e0 pr\u00e9senter de fa\u00e7on didactique des aspects techniques et\/ou op\u00e9rationnels. Ils s\u2019adressent aux personnes confront\u00e9es de fa\u00e7on r\u00e9currente \u00e0 ces sujetsLes modules Regulatory ont vocation \u00e0 aborder les aspects r\u00e9glementaires et juridiques li\u00e9s aux th\u00e9matiques de l\u2019identit\u00e9 num\u00e9rique et des paiements. Ils int\u00e9resseront en priorit\u00e9 les \u00e9quipes compliance et legal confront\u00e9es \u00e0 ces sujetsLes modules Perspective &amp; Strat\u00e9gie visent \u00e0 offrir une vision strat\u00e9gique sur l\u2019\u00e9volution des identit\u00e9s num\u00e9riques dans le paysage bancaire europ\u00e9en et fran\u00e7ais. Ils s\u2019adressent aux d\u00e9cisionnaires soucieux d\u2019appr\u00e9hender et de tirer parti des futures conditions de march\u00e9<\/p>\n<p><span><img decoding=\"async\" alt=\"\" data-id=\"1652\" width=\"316\" data-init-width=\"1191\" height=\"1125\" data-init-height=\"1125\" title=\"Image9\" loading=\"lazy\" src=\"https:\/\/sgmconsultingservices.com\/wp-content\/uploads\/2023\/01\/Image9.png\" data-width=\"316\" style=\"\"><\/span><\/p>\n<p style=\"\">Des modalit\u00e9s d&#8217;intervention flexibles<\/p>\n<p style=\"\">Les sessions de travail interviennent en mode distanciel ou pr\u00e9sentiel en fonction des interlocuteurs et des th\u00e9matiques abord\u00e9es. Le mode pr\u00e9sentiel est fortement recommand\u00e9 pour les modules Perspective et Strat\u00e9gie.<\/p>\n<p style=\"\">Un document d&#8217;accompagnement des sessions de travail est, sauf situations particuli\u00e8res, pr\u00e9par\u00e9 et communiqu\u00e9 \u00e0 l&#8217;avance.<\/p>\n<p style=\"\">Une tarification adapt\u00e9e<\/p>\n<p style=\"\">La tarification des prestations tient compte du temps pass\u00e9 mais \u00e9galement de la complexit\u00e9 des sujets abord\u00e9s et, pour les situations sp\u00e9cifiques, du temps de pr\u00e9paration n\u00e9cessaire \u00e0 la bonne finalisation des sessions de travail.<\/p>\n<p style=\"\">\n<h2 style=\"text-align: center;\">N&#8217;h\u00e9sitez pas \u00e0 nous contacter pour tout renseignement compl\u00e9mentaire<\/h2>\n<h2 style=\"text-align: center;\"><a href=\"https:\/\/sgmconsultingservices.com\/index.php\/contact\/\" target=\"_blank\" style=\"outline: none;\" rel=\"noopener\">Lien vers la page Contact ici<\/a><\/h2>\n","protected":false},"excerpt":{"rendered":"<p>SGM Consulting organise et propose, \u00e0 destination des entit\u00e9s du secteur bancaire et financier, des sessions de travail orient\u00e9es autour de l&#8217;identit\u00e9 num\u00e9rique, du KYC et des services de confiance num\u00e9riques&nbsp; Ces sessions peuvent notamment porter sur l&#8217;analyse des portefeuilles (wallets) d&#8217;identit\u00e9 num\u00e9rique introduits par le projet de r\u00e8glement eIDAS 2, qui seront les principaux &hellip; <\/p>\n<p class=\"link-more\"><a href=\"https:\/\/sgmconsultingservices.com\/index.php\/page-france\/\" class=\"more-link\">Continue reading<span class=\"screen-reader-text\"> &#8220;Page France&#8221;<\/span><\/a><\/p>\n","protected":false},"author":1,"featured_media":0,"parent":0,"menu_order":0,"comment_status":"closed","ping_status":"closed","template":"","meta":{"footnotes":""},"folder":[],"class_list":["post-1492","page","type-page","status-publish","hentry","entry"],"_links":{"self":[{"href":"https:\/\/sgmconsultingservices.com\/index.php\/wp-json\/wp\/v2\/pages\/1492","targetHints":{"allow":["GET"]}}],"collection":[{"href":"https:\/\/sgmconsultingservices.com\/index.php\/wp-json\/wp\/v2\/pages"}],"about":[{"href":"https:\/\/sgmconsultingservices.com\/index.php\/wp-json\/wp\/v2\/types\/page"}],"author":[{"embeddable":true,"href":"https:\/\/sgmconsultingservices.com\/index.php\/wp-json\/wp\/v2\/users\/1"}],"replies":[{"embeddable":true,"href":"https:\/\/sgmconsultingservices.com\/index.php\/wp-json\/wp\/v2\/comments?post=1492"}],"version-history":[{"count":51,"href":"https:\/\/sgmconsultingservices.com\/index.php\/wp-json\/wp\/v2\/pages\/1492\/revisions"}],"predecessor-version":[{"id":1697,"href":"https:\/\/sgmconsultingservices.com\/index.php\/wp-json\/wp\/v2\/pages\/1492\/revisions\/1697"}],"wp:attachment":[{"href":"https:\/\/sgmconsultingservices.com\/index.php\/wp-json\/wp\/v2\/media?parent=1492"}],"wp:term":[{"taxonomy":"folder","embeddable":true,"href":"https:\/\/sgmconsultingservices.com\/index.php\/wp-json\/wp\/v2\/folder?post=1492"}],"curies":[{"name":"wp","href":"https:\/\/api.w.org\/{rel}","templated":true}]}}