{"id":297,"date":"2022-01-03T18:23:51","date_gmt":"2022-01-03T17:23:51","guid":{"rendered":"https:\/\/sgmconsultingservices.com\/?page_id=297"},"modified":"2024-12-30T17:42:30","modified_gmt":"2024-12-30T16:42:30","slug":"about","status":"publish","type":"page","link":"https:\/\/sgmconsultingservices.com\/index.php\/about\/","title":{"rendered":"About"},"content":{"rendered":"<h4 style=\"\">St\u00e9phane Mouy<\/h4>\n<p style=\"\">Pr\u00e9sident SGM Consulting Services<\/p>\n<p><span><img decoding=\"async\" alt=\"\" data-id=\"1656\" width=\"187\" data-init-width=\"1640\" height=\"1464\" data-init-height=\"1464\" title=\"shutterstock_1714935856 - SMG'\" loading=\"lazy\" src=\"https:\/\/sgmconsultingservices.com\/wp-content\/uploads\/2023\/01\/shutterstock_1714935856-SMG.png\" data-width=\"187\" style=\"\"><\/span><\/p>\n<p style=\"\">Stephane is a financial service industry consultant with a clear focus on identity-based solutions, such as KYC and payments.&nbsp;<\/p>\n<p style=\"\">\n<p style=\"\">Since setting up SGM Consulting in 2019, his clients have been financial institutions, corporates and fintech as well as regulatory authorities such as the European Commission and ETSI, the European standardisation agency. He is currently on assignment for a bigtech firm on payment-related matters for wallet-based interactions.He worked until 2019 as a legal counsel for a leading French financial institution, first in its capital markets and M&amp;A departments in Paris and London before joining the central legal department and became head of international legal affairs and later head of legal for the international retail banking division, covering financial services activities located in several countries. &nbsp;In 2015 he became head of the central IT\/IP, M&amp;A Procurement and Corporate law legal teams and has been involved in the deployment of GDPR-related processes for the group as well as in remote customer onboarding solutions making use of customer identification, KYC, strong authentication, electronic signatures and other trust services.Stephane\u2019s academic background is legal and financial, allowing him to tackle interrelated legal, financial, accounting and operational constraints and integrating a clear risk-mitigation dimension into problem-solving.Stephane is a practitioner with a \u2018can do\u2019 approach and strong practical result orientation. He is also a regular speaker in conferences and seminars, making keynote presentations as well as taking part in forums and discussion panels for in digital transition and regulatory matters.<\/p>\n<h2>Recent conference contributions<\/h2>\n<p style=\"\">2024 07 25 &#8211; Bundesverband deutscher Banken &nbsp;<\/p>\n<p style=\"\"><span style=\"font-weight: normal;\">Is eIDAS art. 5f2 the snowdrop announcing identity-based payments?<\/span><\/p>\n<p style=\"\">\u200b<\/p>\n<p style=\"\">2024 06 06 &#8211; European Identity and Cloud Conference (Berlin)<\/p>\n<p style=\"\"><a href=\"https:\/\/sgmconsultingservices.com\/wp-content\/uploads\/2024\/12\/EIC-Berlin-20240606-ADAMS-MOUY.pdf\" target=\"_blank\" style=\"outline: none;\"><span style=\"font-weight: normal;\">The [Q]eAA potential for EUDI Wallets (with Michael Adams)<\/span><\/a><\/p>\n<p style=\"\">\n<p style=\"\">2024 03 26 &#8211; ID&amp;KYC FORUM 2024<\/p>\n<p style=\"\"><span style=\"font-weight: normal;\">Round table : &#8220;<em>New European regulations: what will be the impact?<\/em>&#8220;<\/span><\/p>\n<p style=\"\">\n<p style=\"\">2024 02 08 &nbsp;&#8211; Paytech day France Payments Forum<\/p>\n<p style=\"\"><span style=\"font-weight: normal;\">Round table : &#8220;<em>Identit\u00e9 num\u00e9rique et signature \u00e9lectronique : quelles r\u00e9ponses aux nouvelles menaces?<\/em>&#8220;<\/span><\/p>\n<p style=\"\">\n<p style=\"\">2023 12 07 &#8211; France Payment Forum<\/p>\n<p style=\"\"><a href=\"https:\/\/sgmconsultingservices.com\/wp-content\/uploads\/2024\/01\/20220217-SMOUY-eIDAS-2.0.pptx-FINAL.pdf\" target=\"_blank\" style=\"outline: none;\">eIDAS 2 and <em>France Identit\u00e9<\/em> &nbsp;<\/a><\/p>\n<p style=\"\">\n<p style=\"\">2023 07 13 &#8211; Hyperledger Identity Special Interest Group<\/p>\n<p style=\"\"><a href=\"https:\/\/sgmconsultingservices.com\/wp-content\/uploads\/2023\/09\/PRESENTATION-SMOUY-FINAL-1.pdf\" target=\"_blank\" style=\"outline: none;\"><span style=\"font-weight: normal;\">Digital identities in the European regulatory environment<\/span><\/a><\/p>\n<p style=\"\">\n<p style=\"\">2023 05 11 &#8211; France Payments Forum<\/p>\n<p style=\"\"><span style=\"font-weight: normal;\">Participant to a round table on digital identities<\/span><\/p>\n<p style=\"\">\n<p style=\"\">2023 04 05 &#8211; ID &amp; KYC Forum &#8211; Lille (France)<\/p>\n<p style=\"\"><span style=\"font-weight: normal;\">Participant to a round table on eWallets <\/span><\/p>\n<p style=\"\">\n<p style=\"\">2023 02 16 &#8211; France Payments Forum Tech day<\/p>\n<p style=\"\"><span style=\"font-weight: normal;\">I<\/span><a href=\"https:\/\/sgmconsultingservices.com\/wp-content\/uploads\/2023\/09\/Identite-numerique-Paiements-FINAL.pdf\" target=\"_blank\" style=\"outline: none;\"><span style=\"font-weight: normal;\">dentit\u00e9s num\u00e9riques et paiements &#8211; grand d\u00e9rangement ou rendez-vous manqu\u00e9?<\/span><\/a><\/p>\n<p style=\"\">\n<p style=\"\">2022 11 30 &#8211; TrusTech Forum<\/p>\n<p style=\"\">Opening the eIDAS 2.0 EUDI Wallet bonnet<\/p>\n<p style=\"\">\n<p style=\"\">2022 09 22 &#8211; France Payment Forum<\/p>\n<p>EDIW &#8211; European Digital Identity Wallets eIDAS 2.0<\/p>\n<\/p>\n<p><strong>2022 06 15 &#8211; Fido Alliance eID session<\/strong><\/p>\n<p>Presentation of eIDAS EUDIWs (with Michael Adams &#8211; Quali-sign)<\/p>\n<\/p>\n<p><strong>2022 06 08 &#8211; ID&amp;KYC Forum &#8211; Lille (France)<\/strong><\/p>\n<p>Participant to a round table on eWallets&nbsp;<\/p>\n<\/p>\n<p><strong>2022 05 11 &#8211; European Identity &amp; Cloud (EIC) conference &#8211; Berlin (Germany)<\/strong><\/p>\n<p><a href=\"https:\/\/sgmconsultingservices.com\/wp-content\/uploads\/2022\/08\/EIC-Berlin-20220511-ADAMS-MOUY.pdf\" target=\"_blank\" style=\"outline: none;\">Towards CBDC Wallets &#8211; the eIDAS 2.0 payment-authorizing wallet<\/a> (with Michael Adams &#8211; Quali-sign)<\/p>\n<\/p>\n<p><strong>2022 04 26 &#8211; Iproov briefing event<\/strong><\/p>\n<p><a href=\"https:\/\/sgmconsultingservices.com\/wp-content\/uploads\/2022\/08\/New-EU-Digital-Identity-Wallet-briefing-20220426.pdf\" target=\"_blank\" style=\"outline: none;\">New EU Digital ID Wallet Briefing<\/a><\/p>\n<\/p>\n<p><strong>2022 02 17 &#8211; France Payment Forum &#8211; Plenary session &#8211; Paris (France)<\/strong><\/p>\n<p><a href=\"https:\/\/sgmconsultingservices.com\/wp-content\/uploads\/2022\/08\/20220217-SMOUY-eIDAS-2.0.pptx-FINAL.pdf\" target=\"_blank\" style=\"outline: none;\">eIDAS 2.0 EUDIWs &#8211; When portable identity meets payments<\/a><\/p>\n<\/p>\n<p><strong>2021 11 30 &#8211; TrusTech forum &#8211; Paris (France)<\/strong><\/p>\n<p>Moderator of the &#8216;eKYC in a digital AML environment : is KYC portability on the horizon?&#8217; session<\/p>\n<\/p>\n<p><strong>2021 11 10 &#8211; OpenID eKYC and IDA workgroup<\/strong><\/p>\n<p><a href=\"https:\/\/sgmconsultingservices.com\/wp-content\/uploads\/2022\/01\/2021-11-10-OpenID-eIDAS-update.pdf\" style=\"outline: none;\" target=\"_blank\">eIDAS 2.0 update<\/a>&nbsp;presentation<\/p>\n<\/p>\n<p><strong>2021 10 14 &#8211; OIX Open Identity Exchange<\/strong><\/p>\n<p><a href=\"https:\/\/sgmconsultingservices.com\/wp-content\/uploads\/2022\/01\/20211014-SMOUY-eIDAS-EDIWs-FINAL.pdf\" style=\"outline: none;\" target=\"_blank\">The new world of eIDAS 2.0 EDIWs : what it means for relying parties?<\/a>&nbsp;presentation<\/p>\n<\/p>\n<p><strong>2021 09 16 &#8211; Identity attributes and KYC : the transition to eIDAS 2.0 and AML<\/strong><\/p>\n<p>e-wallets and demonstration (eID for opening a bank account)<\/p>\n<\/p>\n<p><strong>2021 09 11 &#8211; ID Forum round table&nbsp; &#8211; Lille (France)<\/strong><\/p>\n<p>Nouveau r\u00e8glement AML et identification \u00e0 distance : faut-il externaliser?<\/p>\n<\/p>\n<p><strong>2021 07 01 &nbsp;go.eIDAS summit<\/strong><\/p>\n<p><a href=\"https:\/\/sgmconsultingservices.com\/wp-content\/uploads\/2022\/01\/SMOUY-Revised-eIDAS-a-new-opportunity.pdf\" style=\"outline: none;\" target=\"_blank\">Revised eIDAS : a new opportunity for the banking sector? <\/a>presentation<\/p>\n<\/p>\n<p><strong>2021 06 23 &#8211; Hyperledger IDWG<\/strong><\/p>\n<p><a href=\"https:\/\/sgmconsultingservices.com\/wp-content\/uploads\/2022\/01\/Hyperledger-EIDW-presentation-FINAL.pdf\" style=\"outline: none;\" target=\"_blank\">eIDAS 2 Digital identity wallets on the way<\/a> presentation<\/p>\n<\/p>\n<p><strong>2021 06 16 &#8211; OpenID Connect eKYC workshop<\/strong><\/p>\n<p><a href=\"https:\/\/sgmconsultingservices.com\/wp-content\/uploads\/2022\/01\/20210616-OPENID.pdf\" style=\"outline: none;\" target=\"_blank\">eIDAS 2.0 Digital identity wallets come into play<\/a><\/p>\n<\/p>\n<p><strong>2021 05 13 &#8211; Alliance pour la Confiance Num\u00e9rique<\/strong><\/p>\n<p><a href=\"https:\/\/sgmconsultingservices.com\/wp-content\/uploads\/2022\/01\/ETSI-STF588-pres.pdf\" style=\"outline: none;\" target=\"_blank\">ETSI STF588 <\/a>pr\u00e9sentation<\/p>\n<\/p>\n<p><strong>2020 06 26 &#8211; EBSI-ESSIF-France&nbsp;<\/strong><\/p>\n<p><a href=\"https:\/\/sgmconsultingservices.com\/wp-content\/uploads\/2022\/01\/EBSI-ESSIF-FRANCE-202006126-SMouy-1.pdf\" style=\"outline: none;\" target=\"_blank\">eIDAS, SSIs and Blockchain : Reconciling technology and governance<\/a> presentation<\/p>\n<\/p>\n<p><strong>2019 10 03 &#8211; Third Annual Compliance and legal conference &#8211; Paris (France)<\/strong><\/p>\n<p>Financial crime technology trends round table<\/p>\n<\/p>\n<p><strong>2019 01 17 &#8211; Global client onboarding for asset management<\/strong><\/p>\n<p><a href=\"https:\/\/sgmconsultingservices.com\/wp-content\/uploads\/2022\/01\/KYC-Portability-distant-dream-or-near-future-20190117.pdf\" style=\"outline: none;\" target=\"_blank\">The EU Commission Expert Group eID\/KYC &#8211; KYC portability <\/a><\/p>\n<\/p>\n<p><strong>2018 11 26 &#8211; MoneyLive summit <\/strong><\/p>\n<p><a href=\"https:\/\/sgmconsultingservices.com\/wp-content\/uploads\/2022\/01\/DIGITAL-KYC-FINAL.pdf\" style=\"outline: none;\" target=\"_blank\">Digital KCY &#8211; a shared future?<\/a><\/p>\n<\/p>\n<p><strong>2018 11 22 &nbsp;&#8211; 2nd Digital onboarding and ID verification<\/strong><\/p>\n<p><a href=\"https:\/\/sgmconsultingservices.com\/wp-content\/uploads\/2022\/01\/KYC-Portability-distant-dream-or-near-future-20181121.pdf\" style=\"outline: none;\" target=\"_blank\">Making KYC portable: distant dream or near future?<\/a><\/p>\n<\/p>\n<p><strong>2018 10 30 &#8211; Identity live Forgerock (Idemia workshop)<\/strong><\/p>\n<p><a href=\"https:\/\/sgmconsultingservices.com\/wp-content\/uploads\/2022\/01\/Identity-KYC-Attributes-meeting-V20181025.pdf\" style=\"outline: none;\" target=\"_blank\">Identity &amp; KYC attributes &nbsp;&#8211; EU expert group presentation<\/a><\/p>\n<h2>Articles and publications (English)<\/h2>\n<p>In addition to posts regularly published on St\u00e9phane&#8217;s&nbsp;<a href=\"https:\/\/www.linkedin.com\/in\/stephanemouy\/\" style=\"outline: none;\" target=\"_blank\">LinkedIn page<\/a>, the following articles &nbsp;can be viewed:&nbsp;<\/p>\n<\/p>\n<p><strong>2023 09 &#8211; <\/strong><a href=\"https:\/\/sgmconsultingservices.com\/wp-content\/uploads\/2023\/09\/Offline-functionality-The-BIS-Polaris-report-20230915.pdf\" style=\"outline: none;\" target=\"_blank\"><strong>The BIS Polaris Offline payment with CBDC report<\/strong><\/a><\/p>\n<p>Written with Michael Adams from Quali-Sign<\/p>\n<\/p>\n<p><strong>2022 04 &nbsp;&#8211; The Paypers Financial Crime and Fraud Report 2022<\/strong><\/p>\n<p><a href=\"https:\/\/sgmconsultingservices.com\/wp-content\/uploads\/2022\/08\/Securing-Digital-Payments-with-Identity-Wallets.pdf\" style=\"outline: none;\" target=\"_blank\">Securing digital payments with identity wallets<\/a>&nbsp;(with Michael Adams &#8211; Quali-sign)<\/p>\n<\/p>\n<p><strong>2022 01 25 &#8211; &nbsp;<\/strong><a href=\"https:\/\/sgmconsultingservices.com\/wp-content\/uploads\/2022\/01\/Offline-Mode-20220125.pdf\" style=\"outline: none;\" target=\"_blank\"><strong>Digital Identity Wallets : why the offline mode really matters<\/strong><\/a><\/p>\n<p>Offline mode support, often overlooked as a remote need for digital interactions, is critical for digital identity wallets, especially for payments and CBDC purposes<\/p>\n<\/p>\n<h2>Articles and publications (French)<\/h2>\n<p>St\u00e9phane is, together with Professor J\u00e9rome Huet and Michel Espagnon, the author of the <em>Paiements \u00e9lectroniques <\/em>jurisclasseur published by LexisNexis France<\/p>\n<\/p>\n<h2>International organisations work&nbsp;<\/h2>\n<h3><strong>European Commission<\/strong><\/h3>\n<\/p>\n<p>During the last 5 years, St\u00e9phane Mouy has worked for the EU Commission in various capacities&nbsp;<\/p>\n<\/p>\n<h3>2022-2023 : eIDAS 2.0 EUDIW project (Digital finance use case)&nbsp;<\/h3>\n<\/p>\n<p>His assignment focused on the eIDAS 2.0 project announced by the European Commission in June 2021 and centered around European digital identity wallets (EUDIWs), especially when used for payment interactions (&#8216;digital finance&#8217; use case).<\/p>\n<\/p>\n<p>The use case is critical for the banking\/financial sector and has far-reaching implications for European payment service providers, especially for the purpose of meeting AML\/CFT requirements as well as payment regulations, especially arising from the EU Second Payment Directive (itself under revision). &nbsp;&nbsp;<\/p>\n<\/p>\n<h3>2020-2021 : KYC portability report<\/h3>\n<\/p>\n<p>In December 2020, DG FISMA instructed SGM Consulting Services to prepare a report on &#8216;<em>how to develop a digital identity solution for use by the financial sector based around eIDAS trust services&#8217; for&nbsp;<\/em>the purpose of facilitating the onboarding of customers in the financial sector.<\/p>\n<\/p>\n<p>The report was finalised in September 2021 and analyses cross-border KCY data portability within the context of the revised eIDAS proposal and contemplated AML regulation \u2013 initiatives that will have a major impact on banking services with the deployment of digital identity wallets and CDD data harmonisation. It reviews the categories of KYC attributes and discusses how European financial institutions can act as KYC data providers and receivers. In cooperation with the eWallet Network, it presents an Open Wallet proposal meeting eIDAS 2.0 requirements, including offline functionalities for payment authorisation and qualified electronic signature, as well as offering robust privacy protection. The report also compares traditional bank-led KYC portability scenarios and the emerging user-centric self-custody solution implied by digital identity wallets. It discusses governance matters for KYC data exchanges, including economic models, scheme arrangements and liability allocation provisions and sets out a number of practical recommendations aiming to offer scalability, consistency with AML\/CFT requirements as well as process mutualisation for the banking industry.&nbsp;<\/p>\n<\/p>\n<p><a href=\"https:\/\/op.europa.eu\/en\/publication-detail\/-\/publication\/c6500e60-24f7-11ec-bd8e-01aa75ed71a1\/language-en\/format-PDF\/source-233473340\" target=\"_blank\" style=\"outline: none;\">Link to the report (EU Commission website) &#8211; October 2021<\/a><\/p>\n<\/p>\n<h3>2018-2020 : eID\/KYC Expert Group report<\/h3>\n<\/p>\n<p>The Electronic Identification and Remote Know-Your-Customer processes Expert group, which St\u00e9phane Mouy was a member of, was set up by the EU Commission and started work in April 2018. It prepared two reports finalized in December 2019 and officially received and released in February 2020.<\/p>\n<p>The Expert group was instructed to assess remote onboarding processes in the European financial sector and suggest ways for portable digital KYC processes to become a reality, especially for cross-border financial services, as well as leverage the eIDAS interoperability framework.<\/p>\n<\/p>\n<p>St\u00e9phane Mouy was the Leader of Sub-group 2 &nbsp;which presented and discussed an attribute-based and LoA-rated portable KYC proposal.<\/p>\n<\/p>\n<p style=\"\"><a href=\"https:\/\/ec.europa.eu\/info\/sites\/default\/files\/business_economy_euro\/banking_and_finance\/documents\/assessing-portable-kyc-cdd-solutions-in-the-banking-sector-december2019_en.pdf\" target=\"_blank\" style=\"outline: none;\">Link to the report (EU Commission website) &#8211; February 2020<\/a><\/p>\n<p style=\"\">\n<h3 style=\"\"><strong>European Telecommunication Standards Institute (ETSI)<\/strong><\/h3>\n<p style=\"\">\n<h3 style=\"\">2020 &#8211; 2021 : ETSI STF 588 &nbsp;&#8211; &nbsp;Identity proofing for trust services subjects<\/h3>\n<h3 style=\"\"><\/h3>\n<p style=\"\">St\u00e9phane Mouy was part of the 5-member Special Task Force STF 588 in charge of preparing specifications in the field of indentity-proofing for trust services. STF 588 worked on two reports published in February and July 2021<\/p>\n<p style=\"\">\n<p style=\"\"><a href=\"https:\/\/www.etsi.org\/deliver\/etsi_ts\/119400_119499\/119461\/01.01.01_60\/ts_119461v010101p.pdf\" target=\"_blank\" style=\"outline: none;\">Link to TS 119 461 (Policy and security requirements for trust service components providing identity proofing of trust services subjects) &#8211; July 2021<\/a><\/p>\n<p style=\"\"><a href=\"https:\/\/www.etsi.org\/deliver\/etsi_tr\/119400_119499\/119460\/01.01.01_60\/tr_119460v010101p.pdf\" target=\"_blank\" style=\"outline: none;\">Link to TR 119 460 (Survey of technologies and regulatory requirementsfor identity proofing for trust service subjects) &#8211; February 2021&nbsp;<\/a><\/p>\n<p style=\"\">\n<\/p>\n<p><span><img decoding=\"async\" alt=\"\" data-id=\"493\" width=\"91\" data-init-width=\"127\" height=\"128\" data-init-height=\"128\" title=\"Capture\" loading=\"lazy\" src=\"https:\/\/sgmconsultingservices.com\/wp-content\/uploads\/2022\/01\/Capture.png\" data-width=\"91\" style=\"\"><\/span><\/p>\n<p>St\u00e9phane Mouy is also a regular contributor to <strong>Groupe Revue Banque<\/strong>, the leading French language publication focusing on banking and financial matters.&nbsp;<\/p>\n<\/p>\n<p>His recent articles include the following :<\/p>\n<\/p>\n<p><strong>Revue Banque<\/strong><\/p>\n<p>Issue 898 (2024-12) &#8211; <a href=\"https:\/\/sgmconsultingservices.com\/wp-content\/uploads\/2024\/12\/RB898-Mouy-Adams-1.pdf\" target=\"_blank\" style=\"outline: none;\">Comment le r\u00e8glement eIDAS2 pourrait redessiner les paiements de demain<\/a><\/p>\n<p>Issue 887-8 (2024 01) &#8211; <a href=\"https:\/\/www.revue-banque.fr\/metiers\/paiements\/l-integration-du-wallet-eidas-2-a-l-ecosysteme-des-paiements-en-question-CJ17875513\" target=\"_blank\" style=\"outline: none;\">La question de l&#8217;int\u00e9gration du wallet eIDAS 2 \u00e0 l&#8217;\u00e9cosyst\u00e8me des paiements reste enti\u00e8re<\/a><\/p>\n<p>Issue 885 (2023 11) &#8211; <a href=\"https:\/\/www.revue-banque.fr\/metiers\/paiements\/plus-de-resilience-et-de-privacy-mais-plus-de-risques-le-mode-hors-ligne-au-cur-des-enjeux-LM17285259\" target=\"_blank\" style=\"outline: none;\">Monnaies num\u00e9riques : plus de r\u00e9silience et de <em>privacy <\/em>mais plus de risques<\/a> (with Michael Adams)<\/p>\n<p>Issue 880 (2023 05) &#8211; <a href=\"https:\/\/www.revue-banque.fr\/accueil\/vers-un-marche-unique-des-services-financiers-numeriques-IA14637935\" target=\"_blank\" style=\"outline: none;\">KYC et identification : vers un march\u00e9 unique des services financiers num\u00e9riques<\/a><\/p>\n<p>Issue 875-876 (2023 01) &#8211; <a href=\"https:\/\/www.revue-banque.fr\/technologie\/blockchain-cryptoactifs\/du-cash-numerique-pour-quoi-faire-EF13345405\" target=\"_blank\" style=\"outline: none;\">MNBC de d\u00e9tail : du cash num\u00e9rique pour quoi faire?<\/a>&nbsp;(with Michael Adams)<\/p>\n<p>Issue 871 (2022 09) &#8211; I<a href=\"https:\/\/revue-banque.fr\/regulation-et-risques\/reglementation\/pourquoi-un-schema-national-en-plus-du-cadre-europeen-eidas-JE12078540\" target=\"_blank\" style=\"outline: none;\">dentit\u00e9 num\u00e9rique : Pourquoi un sch\u00e9ma national en plus du cadre europ\u00e9en eIDAS?<\/a><\/p>\n<p>Issue 869 (2022 06) &#8211; <a href=\"http:\/\/www.revue-banque.fr\/banque-investissement-marches-gestion-actifs\/article\/wallet-lieu-convergence-paiement-identite\" target=\"_blank\" style=\"outline: none;\">Le Wallet, lieu de convergence du paiement et de l&#8217;identit\u00e9<\/a><\/p>\n<p>Issue 865 (2022 02) &#8211; <a href=\"http:\/\/www.revue-banque.fr\/article\/monnaie-numerique-banque-centrale-chine-tres-loin\" target=\"_blank\" style=\"outline: none;\">Monnaie num\u00e9rique de banque centrale : la Chine tr\u00e8s loin devant<\/a><\/p>\n<p>Issue 862 (2021 12) &#8211; <a href=\"http:\/\/www.revue-banque.fr\/banque-detail-assurance\/article\/wallets-identite-numerique-apple-en-pole-position\" target=\"_blank\" style=\"outline: none;\">Wallets d&#8217;identit\u00e9 num\u00e9rique : Apple en pole position aux Etats-Unis<\/a><\/p>\n<p>Issue 860 (2021 10) &nbsp;&#8211; <a href=\"http:\/\/www.revue-banque.fr\/risques-reglementations\/article\/nouvelle-donne-annoncee-dans-les-relations-clients\" target=\"_blank\" style=\"outline: none;\">Nouvelle donne annonc\u00e9e dans les relations clients digitales<\/a><\/p>\n<p>Issue 855 (2021 04) &#8211; <a href=\"http:\/\/www.revue-banque.fr\/risques-reglementations\/article\/dispositif-francais-verification-identite-distance\" target=\"_blank\" style=\"outline: none;\">Le dispositif fran\u00e7ais de v\u00e9rification de l&#8217;identit\u00e9 \u00e0 distance : entre r\u00e8glementation europ\u00e9enne et sp\u00e9cifications techniques nationales<\/a><\/p>\n<p>Issue 845 (2020 06) &#8211; <a href=\"http:\/\/www.revue-banque.fr\/management-fonctions-supports\/article\/identite-numerique-au-carrefour-des-modeles\" target=\"_blank\" style=\"outline: none;\">L&#8217;identit\u00e9 num\u00e9rique au carrefour des mod\u00e8les<\/a><\/p>\n<p>Issue 836 (2019 10) &#8211; <a href=\"http:\/\/www.revue-banque.fr\/management-fonctions-supports\/article\/identite-numerique-regles-lcb-ft-une-delicate-conc\" target=\"_blank\" style=\"outline: none;\">Identit\u00e9 num\u00e9rique et r\u00e8gles LCB-FT : une d\u00e9licate conciliation<\/a><\/p>\n<\/p>\n<p><strong>Banque et Strat\u00e9gie<\/strong><\/p>\n<p>Issue 388 (2020 02) : <a href=\"http:\/\/www.revue-banque.fr\/risques-reglementations\/article\/kyc-partage-bientot-une-realite\" target=\"_blank\" style=\"outline: none;\">Le KYC partag\u00e9 bient\u00f4t une r\u00e9alit\u00e9?<\/a><\/p>\n<p>&nbsp;<\/p>\n<p><span style=\"\"><img decoding=\"async\" alt=\"\" data-id=\"1810\" width=\"172\" data-init-width=\"460\" height=\"91\" data-init-height=\"243\" title=\"France Payments Forum\" loading=\"lazy\" src=\"https:\/\/sgmconsultingservices.com\/wp-content\/uploads\/2023\/09\/France-Payments-Forum.png\" data-width=\"172\" style=\"\" ml-d=\"-5.671899999999994\" data-height=\"91\"><\/span><\/p>\n<p>St\u00e9phane Mouy is also a regular contributor to <strong>France Payment Forum<\/strong>, a French language forum dedicated to payments&nbsp;<\/p>\n<\/p>\n<p>His recent articles include the following :<\/p>\n<\/p>\n<p>2023 07 &#8211; <a href=\"https:\/\/www.francepaymentsforum.eu\/fr\/portefeuilles-didentite-numerique-eidas-2-et-paiements-big-bang-ou-effet-pschitt\/\" target=\"_blank\" style=\"outline: none;\">Portefeuilles d&#8217;identit\u00e9 num\u00e9rique eIDAS 2 et paiements : big bang ou effet pschitt?<\/a><\/p>\n","protected":false},"excerpt":{"rendered":"<p>St\u00e9phane Mouy Pr\u00e9sident SGM Consulting Services Stephane is a financial service industry consultant with a clear focus on identity-based solutions, such as KYC and payments.&nbsp; Since setting up SGM Consulting in 2019, his clients have been financial institutions, corporates and fintech as well as regulatory authorities such as the European Commission and ETSI, the European &hellip; <\/p>\n<p class=\"link-more\"><a href=\"https:\/\/sgmconsultingservices.com\/index.php\/about\/\" class=\"more-link\">Continue reading<span class=\"screen-reader-text\"> &#8220;About&#8221;<\/span><\/a><\/p>\n","protected":false},"author":1,"featured_media":0,"parent":0,"menu_order":0,"comment_status":"closed","ping_status":"closed","template":"","meta":{"footnotes":""},"folder":[],"class_list":["post-297","page","type-page","status-publish","hentry","entry"],"_links":{"self":[{"href":"https:\/\/sgmconsultingservices.com\/index.php\/wp-json\/wp\/v2\/pages\/297","targetHints":{"allow":["GET"]}}],"collection":[{"href":"https:\/\/sgmconsultingservices.com\/index.php\/wp-json\/wp\/v2\/pages"}],"about":[{"href":"https:\/\/sgmconsultingservices.com\/index.php\/wp-json\/wp\/v2\/types\/page"}],"author":[{"embeddable":true,"href":"https:\/\/sgmconsultingservices.com\/index.php\/wp-json\/wp\/v2\/users\/1"}],"replies":[{"embeddable":true,"href":"https:\/\/sgmconsultingservices.com\/index.php\/wp-json\/wp\/v2\/comments?post=297"}],"version-history":[{"count":142,"href":"https:\/\/sgmconsultingservices.com\/index.php\/wp-json\/wp\/v2\/pages\/297\/revisions"}],"predecessor-version":[{"id":1984,"href":"https:\/\/sgmconsultingservices.com\/index.php\/wp-json\/wp\/v2\/pages\/297\/revisions\/1984"}],"wp:attachment":[{"href":"https:\/\/sgmconsultingservices.com\/index.php\/wp-json\/wp\/v2\/media?parent=297"}],"wp:term":[{"taxonomy":"folder","embeddable":true,"href":"https:\/\/sgmconsultingservices.com\/index.php\/wp-json\/wp\/v2\/folder?post=297"}],"curies":[{"name":"wp","href":"https:\/\/api.w.org\/{rel}","templated":true}]}}